{"id":11502,"date":"2019-03-21T15:20:48","date_gmt":"2019-03-21T20:20:48","guid":{"rendered":"https:\/\/colcastro.edu.co\/web\/?page_id=11502"},"modified":"2020-04-01T14:46:15","modified_gmt":"2020-04-01T19:46:15","slug":"nuestro-colegio","status":"publish","type":"page","link":"https:\/\/colcastro.edu.co\/web\/nuestro-colegio\/","title":{"rendered":"Nuestro Colegio"},"content":{"rendered":"<div class=\"wpb-content-wrapper\"><p>[vc_row][vc_column]<div class=\"thim-widget-heading template-base\"><div class=\"sc_heading  text-center\"><h3 style=\"font-size:35px;font-weight:600;\" class=\"title\">Informaci\u00f3n <strong>Institucional<\/strong><\/h3><\/div><\/div>[\/vc_column][\/vc_row][vc_row css=\u00bb.vc_custom_1559531433775{margin-bottom: 15px !important;}\u00bb][vc_column width=\u00bb7\/12&#8243; css=\u00bb.vc_custom_1565452255725{margin-bottom: 30px !important;}\u00bb][vc_column_text]<\/p>\n<h3 class=\"thim-text-title\">Misi\u00f3n<\/h3>\n<p><span lang=\"ES\">La Instituci\u00f3n Educativa Colegio Luis Gabriel Castro de car\u00e1cter oficial del Municipio de Villa del Rosario, con un enfoque incluyente en el contexto fronterizo, ofrece los niveles de preescolar, b\u00e1sica primaria, secundaria, media acad\u00e9mica y media\u00a0 t\u00e9cnica\u00a0 en\u00a0 articulaci\u00f3n con el SENA, al igual que los modelos pedag\u00f3gicos,\u00a0 Ser Humano y Programa Todos a Aprender,\u00a0 fortaleciendo el talento humano en lo comunicacional, investigativo, ambiental, computacional y dise\u00f1o e integraci\u00f3n en multimedia, desarrollando un pensum \u00fatil y significante en lo art\u00edstico, cultural y deportivo,\u00a0 mediado por las Tics, para desarrollar un proyecto de vida en valores y\u00a0 compromiso social, posibilitando el ingreso del estudiante al sector productivo o a la educaci\u00f3n superior.<\/span>[\/vc_column_text][\/vc_column][vc_column width=\u00bb5\/12&#8243; css=\u00bb.vc_custom_1565452247615{margin-bottom: 30px !important;}\u00bb][vc_column_text]<\/p>\n<h3 class=\"thim-text-title\">Visi\u00f3n<\/h3>\n<p>El Colegio Luis Gabriel\u00a0 Castro en el 2024, ser\u00e1 la primera Instituci\u00f3n de la Frontera en Calidad y cobertura, propiciando al estudiante habilidades en el saber investigativo, comunicacional y el uso de las nuevas tecnolog\u00edas, que le permitan interactuar e integrarse de manera activa y \u00fatil\u00a0 al sector productivo o a la educaci\u00f3n Superior.[\/vc_column_text][\/vc_column][\/vc_row][vc_row][vc_column][vc_tta_tabs][vc_tta_section title=\u00bbRESE\u00d1A\u00bb tab_id=\u00bb1553201553639-a4a157b2-0618&#8243;][vc_column_text]En el a\u00f1o de 1988 ante la creciente demanda de cupos sin atender para el nivel de B\u00e1sica Secundaria del municipio de Villa del Rosario; la alcald\u00eda municipal en cabeza del doctor Gonzalo D\u00edas Castellanos en calidad de alcalde, y el Concejo Municipal, por acuerdo n\u00famero 010 de Noviembre 7 de 1988, crea el COLEGIO MUNICIPAL LUIS GABRIEL CASTRO.<\/p>\n<p>El colegio inicia sus labores en el a\u00f1o 1989 en la sede de la casa de la cultura, siendo ejercida la rector\u00eda por la licenciada Nelly Arteaga, con una cobertura inicial de tres grupos de grado sexto con 45 estudiantes cada uno y un grupo de grado s\u00e9ptimo con 15 estudiantes. Tres meses m\u00e1s tarde se traslada a la sede del antiguo club Gran colombiano.<\/p>\n<p>En el a\u00f1o 1992, siendo rector el licenciado Arturo Ortiz Arismendi y presidente de la asociaci\u00f3n de padres de familia el se\u00f1or \u00c1lvaro Alfonso Melgarejo M\u00e9ndez, se firma el convenio para el traslado a la sede de la Escuela Santa B\u00e1rbara entre el doctor Octavio Mart\u00ednez Acu\u00f1a, en calidad de alcalde municipal y el doctor Ruperto Rodr\u00edguez Fl\u00f3rez, Secretario de Educaci\u00f3n Departamental, siendo su primer director Rafael Francisco Villamizar, Con el fin de ampliar la cobertura hasta el grado 11\u00b0, construir una planta f\u00edsica adecuada y favorecer la comunidad de los barrios de la ciudadela de La palmita, se realiza la construcci\u00f3n de 6 aulas m\u00e1s; inici\u00e1ndose labores en el a\u00f1o de 1993 en la actual sede central.<\/p>\n<p>Tres a\u00f1os m\u00e1s tarde, en 1996, grad\u00faa su primera promoci\u00f3n de bachilleres acad\u00e9micos, y desde entonces el colegio ha promocionado m\u00e1s de 1400estudiantes. Por el proceso de fusi\u00f3n implementado a partir de Septiembre de 2002 y ejecutado a partir de Enero de 2003, atiende junto con las sedes San Pedro, La Gran Colombia, Santa B\u00e1rbara y primero de Mayo, a un total de 3400 estudiantes, desde el grado Preescolar hasta el grado 11\u00b0.<\/p>\n<p>Con la gesti\u00f3n realizada por el rector Edgar Orlando Ram\u00edrez L\u00f3pez (a\u00f1os 2001 y 2002), la sede central ampli\u00f3 planta f\u00edsica caracterizada por la adecuaci\u00f3n de las \u00e1reas comunitarias, deportivas, administrativas, y en un proceso permanente de crecimiento continuado por los rectores Hemel Hern\u00e1ndez Salcedo y Dar\u00edo Antonio N\u00fa\u00f1ez Mu\u00f1oz, en el ordendel mejoramiento de la calidad y la ampliaci\u00f3n de la cobertura.<\/p>\n<p>Desde el a\u00f1o 2009 se hizo articulaci\u00f3n y acuerdos con la FESC e integraci\u00f3n con el SENA para fortalecer junto con la promoci\u00f3n acad\u00e9mica, tambi\u00e9n la t\u00e9cnica en distintas modalidades que se van incorporando de acuerdo con las prioridades y el contexto.<\/p>\n<p>A partir del a\u00f1o 2007 se han construido bloques de aulas en todas las sedes escolares para responder al amplio aumento de matr\u00edculas, el \u00faltimo conjunto fue de nueve aulas con bater\u00eda de ba\u00f1os construido por intermedio de un proyecto de ley 21 en la Sede Central.<\/p>\n<p>Desde el a\u00f1o 2007 nuestro PEI, ha venido asimilando e integrando los llamados modelos pedag\u00f3gicos que inicialmente se llamaron Aceleraci\u00f3n del aprendizaje y Transformemos y ahora se denominan A Crecer y Ser Humano, que buscan alfabetizar y promocionar a la poblaci\u00f3n adulta del sector. En estos modelos la Instituci\u00f3n Educativa ha graduado 149 estudiantes.[\/vc_column_text][\/vc_tta_section][vc_tta_section title=\u00bbLUIS GABRIEL CASTRO\u00bb tab_id=\u00bb1553201553661-4cb8a9a4-11b5&#8243;][vc_column_text]<img loading=\"lazy\" decoding=\"async\" class=\"alignleft\" src=\"https:\/\/colcastro.edu.co\/portal\/wp-content\/uploads\/2014\/05\/patrono.jpg\" width=\"265\" height=\"360\" \/><\/p>\n<p>Nace en el municipio de Villa del Rosario el 19 de Agosto de 1886 y muere en C\u00facuta el 7\u00a0 de\u00a0 Febrero de 1956. El Concejo Municipal quiso enaltecer su vida y obra, d\u00e1ndole su nombre al colegio por tratarse de un hombre consagrado a la cultura, la escritura, la historia y la ense\u00f1anza.<\/p>\n<p>Graduado como maestro en la normal, se desempe\u00f1\u00f3 como director de la escuela de Villa Del Rosario en 1919 y de la escuela de C\u00facuta en 1920. Fundador y secretario perpetuo de la academia de historia del norte de Santander. Presidente de la Asociaci\u00f3n de Periodistas de C\u00facuta, condecorado con la orden Francisco de Miranda.<\/p>\n<p>Escribi\u00f3 poes\u00eda, art\u00edculos en los peri\u00f3dicos y revistas del pa\u00eds y libros de historia entre los que se destacan \u201cLa capital de la Gran Colombia\u201d y \u201cMonograf\u00eda de C\u00facuta\u201d, que recibieron reconocimiento y premios de car\u00e1cter regional y nacional.[\/vc_column_text][\/vc_tta_section][\/vc_tta_tabs][\/vc_column][\/vc_row][vc_row][vc_column width=\u00bb1\/2&#8243;][vc_column_text]<\/p>\n<h3 class=\"thim-text-title\" style=\"text-align: center;\">Bandera<\/h3>\n<p>&nbsp;<\/p>\n<p><img loading=\"lazy\" decoding=\"async\" class=\"alignleft\" src=\"https:\/\/colcastro.edu.co\/web\/wp-content\/uploads\/2019\/06\/bandera.gif\" width=\"241\" height=\"151\" \/><\/p>\n<p>Consta de dos franjas de colores Blanco y Verde.<br \/>\nS\u00edmbolo del verde ambiental y ecol\u00f3gico.<br \/>\nEl blanco simboliza la solidaridad,responsabilidad, trabajo y paz[\/vc_column_text][\/vc_column][vc_column width=\u00bb1\/2&#8243;][vc_column_text]<\/p>\n<h3 class=\"thim-text-title\" style=\"text-align: center;\">ESCUDO<\/h3>\n<p>&nbsp;<\/p>\n<p><img loading=\"lazy\" decoding=\"async\" class=\"alignleft\" src=\"https:\/\/colcastro.edu.co\/web\/wp-content\/uploads\/2019\/06\/escudo_web.png\" width=\"223\" height=\"140\" \/><\/p>\n<p>Se inspira en el patrimonio cultural del municipio o Villa hist\u00f3rica del Rosario: Las manos que se saludan representan solidaridad; el pergamino y la pluma, el legado de Luis G. Castro.<\/p>\n<p>En el centro, las palabras Responsabilidad- Comunicaci\u00f3n \u2013Investigaci\u00f3n, principios rectores de la Instituci\u00f3n[\/vc_column_text][\/vc_column][\/vc_row][vc_row full_width=\u00bbstretch_row_content_no_spaces\u00bb css=\u00bb.vc_custom_1560812725149{background-color: #95c5f4 !important;}\u00bb][vc_column css=\u00bb.vc_custom_1565452411858{margin-top: -60px !important;}\u00bb][vc_row_inner][vc_column_inner]<div class=\"thim-widget-heading template-base\"><div class=\"sc_heading  text-center\"><h3 class=\"title\"><strong>Himno<\/strong> Institucional<\/h3><span class=\"line\"><\/span><\/div><\/div>[\/vc_column_inner][\/vc_row_inner][vc_row_inner][vc_column_inner width=\u00bb1\/3&#8243;]<div class=\"thim-widget-heading template-base\"><div class=\"sc_heading  text-center\"><h3 class=\"title\">CORO<\/h3><span class=\"line\"><\/span><\/div><\/div>[vc_column_text]<\/p>\n<div style=\"text-align: center;\">Siempre viva mi patria querida<br \/>\nSiempre viva mi noble colegio<br \/>\nY vivamos por siempre nosotros<br \/>\nDe principios y buenos consejos.<\/div>\n<div style=\"text-align: center;\"><\/div>\n<p>[\/vc_column_text][\/vc_column_inner][vc_column_inner width=\u00bb1\/3&#8243;]<div class=\"thim-widget-heading template-base\"><div class=\"sc_heading  text-center\"><h3 class=\"title\">I<\/h3><span class=\"line\"><\/span><\/div><\/div>[vc_column_text]<\/p>\n<div style=\"text-align: center;\">Levantemos las manos altivas<br \/>\nEs COLCASTRO nuestro coraz\u00f3n<br \/>\nCon Primero de Mayo y Santa B\u00e1rbara<br \/>\nGran Colombia y San Pedro con honor<\/div>\n<p>[\/vc_column_text]<div class=\"thim-widget-heading template-base\"><div class=\"sc_heading  text-center\"><h3 class=\"title\">III<\/h3><span class=\"line\"><\/span><\/div><\/div>[vc_column_text]<\/p>\n<div style=\"text-align: center;\">Jubilosos cantemos unidos<br \/>\nA la lucha, la fe y la devoci\u00f3n<br \/>\nEn el tiempo se quedan los siglos<br \/>\nY en el alma mi gran Instituci\u00f3n.<\/div>\n<p>[\/vc_column_text][\/vc_column_inner][vc_column_inner width=\u00bb1\/3&#8243;]<div class=\"thim-widget-heading template-base\"><div class=\"sc_heading  text-center\"><h3 class=\"title\">II<\/h3><span class=\"line\"><\/span><\/div><\/div>[vc_column_text]<\/p>\n<div style=\"text-align: center;\">Con orgullo mi alma Gabrielista<br \/>\nEn banderas de ciencia y libertad<br \/>\nOndeando caminos de futuro<br \/>\nCon mi patria amor y dignidad<\/div>\n<p>[\/vc_column_text][\/vc_column_inner][\/vc_row_inner][vc_row_inner][vc_column_inner css=\u00bb.vc_custom_1565452382674{margin-top: -40px !important;margin-bottom: -60px !important;}\u00bb][vc_column_text]<\/p>\n<p style=\"text-align: center;\"><strong>Letra<\/strong>: Jos\u00e9 del Carmen G\u00f3mez Mendoza<br \/>\n<strong>M\u00fasica<\/strong>: Maestro Antonio Barrera<br \/>\n<strong>Arreglos letra<\/strong>: William Le\u00f3n Pe\u00f1a[\/vc_column_text][\/vc_column_inner][\/vc_row_inner][\/vc_column][\/vc_row]<\/p>\n<\/div>","protected":false},"excerpt":{"rendered":"<p>[vc_row][vc_column][\/vc_column][\/vc_row][vc_row css=\u00bb.vc_custom_1559531433775{margin-bottom: 15px !important;}\u00bb][vc_column width=\u00bb7\/12&#8243; css=\u00bb.vc_custom_1565452255725{margin-bottom: 30px !important;}\u00bb][vc_column_text] Misi\u00f3n La Instituci\u00f3n Educativa Colegio Luis Gabriel Castro de car\u00e1cter oficial del Municipio de Villa del Rosario, con un enfoque incluyente en el contexto fronterizo, ofrece los niveles de preescolar, b\u00e1sica primaria, &hellip; <\/p>\n","protected":false},"author":1,"featured_media":0,"parent":0,"menu_order":0,"comment_status":"closed","ping_status":"closed","template":"","meta":{"footnotes":""},"class_list":["post-11502","page","type-page","status-publish","hentry"],"_links":{"self":[{"href":"https:\/\/colcastro.edu.co\/web\/wp-json\/wp\/v2\/pages\/11502","targetHints":{"allow":["GET"]}}],"collection":[{"href":"https:\/\/colcastro.edu.co\/web\/wp-json\/wp\/v2\/pages"}],"about":[{"href":"https:\/\/colcastro.edu.co\/web\/wp-json\/wp\/v2\/types\/page"}],"author":[{"embeddable":true,"href":"https:\/\/colcastro.edu.co\/web\/wp-json\/wp\/v2\/users\/1"}],"replies":[{"embeddable":true,"href":"https:\/\/colcastro.edu.co\/web\/wp-json\/wp\/v2\/comments?post=11502"}],"version-history":[{"count":6,"href":"https:\/\/colcastro.edu.co\/web\/wp-json\/wp\/v2\/pages\/11502\/revisions"}],"predecessor-version":[{"id":11837,"href":"https:\/\/colcastro.edu.co\/web\/wp-json\/wp\/v2\/pages\/11502\/revisions\/11837"}],"wp:attachment":[{"href":"https:\/\/colcastro.edu.co\/web\/wp-json\/wp\/v2\/media?parent=11502"}],"curies":[{"name":"wp","href":"https:\/\/api.w.org\/{rel}","templated":true}]}}